{"id":2,"date":"2017-05-08T11:06:27","date_gmt":"2017-05-08T09:06:27","guid":{"rendered":"http:\/\/conceptfactory.lu\/trendlounge\/?page_id=2"},"modified":"2025-01-30T14:22:13","modified_gmt":"2025-01-30T13:22:13","slug":"page-d-exemple","status":"publish","type":"page","link":"https:\/\/conceptfactory.lu\/trendlounge\/","title":{"rendered":"TrendLounge, le blog tendances de Concept Factory"},"content":{"rendered":"\n<div class=\"wp-block-buttons is-layout-flex wp-block-buttons-is-layout-flex\">\n<div class=\"wp-block-button is-style-fill\" style=\"text-decoration:none\"><a class=\"wp-block-button__link has-white-color has-text-color has-background wp-element-button\" href=\"https:\/\/conceptfactory.lu\" style=\"border-radius:4px;background-color:#1504dd\">conceptfactory.lu<\/a><\/div>\n<\/div>\n\n\n\n<div style=\"height:24px\" aria-hidden=\"true\" class=\"wp-block-spacer\"><\/div>\n\n\n<p><img decoding=\"async\" class=\"aligncenter\" src=\"https:\/\/conceptfactory.lu\/trendlounge\/wp-content\/uploads\/2025\/01\/logo_TrendLounge_CF-1.png\" alt=\"\" width=\"300\" \/><\/p>\n<blockquote style=\"clear: both;\">\n<p>Bienvenue sur TrendLounge, le blog tendances de Concept Factory. Retrouvez ici toute l\u2019actualit\u00e9 de l\u2019agence et de nos m\u00e9tiers en g\u00e9n\u00e9ral. Vous allez voir : on a des choses \u00e0 dire !<\/p>\n<\/blockquote>","protected":false},"excerpt":{"rendered":"<p>Bienvenue sur TrendLounge, le blog tendances de Concept Factory. Retrouvez ici toute l\u2019actualit\u00e9 de l\u2019agence et de nos m\u00e9tiers en g\u00e9n\u00e9ral. Vous allez voir : on a des choses \u00e0 dire !<\/p>\n","protected":false},"author":1,"featured_media":0,"parent":0,"menu_order":0,"comment_status":"closed","ping_status":"open","template":"template-home.php","meta":{"footnotes":""},"_links":{"self":[{"href":"https:\/\/conceptfactory.lu\/trendlounge\/wp-json\/wp\/v2\/pages\/2"}],"collection":[{"href":"https:\/\/conceptfactory.lu\/trendlounge\/wp-json\/wp\/v2\/pages"}],"about":[{"href":"https:\/\/conceptfactory.lu\/trendlounge\/wp-json\/wp\/v2\/types\/page"}],"author":[{"embeddable":true,"href":"https:\/\/conceptfactory.lu\/trendlounge\/wp-json\/wp\/v2\/users\/1"}],"replies":[{"embeddable":true,"href":"https:\/\/conceptfactory.lu\/trendlounge\/wp-json\/wp\/v2\/comments?post=2"}],"version-history":[{"count":25,"href":"https:\/\/conceptfactory.lu\/trendlounge\/wp-json\/wp\/v2\/pages\/2\/revisions"}],"predecessor-version":[{"id":801,"href":"https:\/\/conceptfactory.lu\/trendlounge\/wp-json\/wp\/v2\/pages\/2\/revisions\/801"}],"wp:attachment":[{"href":"https:\/\/conceptfactory.lu\/trendlounge\/wp-json\/wp\/v2\/media?parent=2"}],"curies":[{"name":"wp","href":"https:\/\/api.w.org\/{rel}","templated":true}]}}